{"id":1457,"date":"2019-09-05T13:31:17","date_gmt":"2019-09-05T17:31:17","guid":{"rendered":"https:\/\/gouvernance.cssspnql.com\/?page_id=1457"},"modified":"2019-09-09T15:48:52","modified_gmt":"2019-09-09T19:48:52","slug":"section-4-change-management","status":"publish","type":"page","link":"https:\/\/gouvernance.cssspnql.com\/en\/boite-a-outils\/section-4-change-management\/","title":{"rendered":"Section 4 &#8211; Change Management"},"content":{"rendered":"<p><\/p>\n\t<section class=\"section pattern-bg\" id=\"section_528748132\">\n\t\t<div class=\"bg section-bg fill bg-fill  bg-loaded\" >\n\n\t\t\t\n\t\t\t\n\t\t\t\n\n\t\t<\/div>\n\n\t\t\n\n\t\t<div class=\"section-content relative\">\n\t\t\t\n  <div class=\"banner-grid-wrapper\">\n  <div id=\"banner-grid-750843867\" class=\"banner-grid row row-grid row-xsmall\" data-packery-options=\"\">\n                      \n<div class=\"col grid-col large-12 grid-col-2-3\" ><div class=\"col-inner\">\n\n  <div class=\"banner has-hover\" id=\"banner-1007817269\">\n          <div class=\"banner-inner fill\">\n        <div class=\"banner-bg fill\" >\n            <div class=\"bg fill bg-fill \"><\/div>\n                                    \n                    <\/div>\n\t\t\n        <div class=\"banner-layers container\">\n            <div class=\"fill banner-link\"><\/div>            \n   <div id=\"text-box-232289812\" class=\"text-box banner-layer x50 md-x50 lg-x50 y100 md-y100 lg-y100 res-text\">\n                                <div class=\"text-box-content text dark\">\n              \n              <div class=\"text-inner text-center\">\n                  \n<h3 class=\"uppercase\">Section 4<\/h3>\n<h4 class=\"uppercase\">CHANGE MANAGEMENT<\/h4>\n<p>Any change involves a complex transition period of varying duration, depending on its scope, field of application and target audiences. Indeed, like anything new, change always requires time for adaptation regardless of the type of change or the organization that is implementing said change.<\/p>\n<p>In the context of the health and social services governance process, the motive, meaning the <strong>reason behind this collective process<\/strong>, lies in the <strong>desire for change<\/strong>. In this sense, <strong>the realization and adoption of the effective health and social services governance model, in 2020, will be the starting point for a transformation<\/strong>.<\/p>\n<p>As a collective process, the <strong>change created<\/strong> will be broad, as it will <strong>affect all First Nations<\/strong>, both locally and regionally. On the other hand, not everyone reacts in the same way to change and <strong>each stakeholder has different concerns and needs<\/strong>.<\/p>\n<p>Therefore, it is important to <strong>make sustained efforts to prepare for change and facilitate its success<\/strong>.<\/p>\n              <\/div>\n           <\/div>\n                            \n<style>\n#text-box-232289812 {\n  width: 86%;\n}\n#text-box-232289812 .text-box-content {\n  font-size: 135%;\n}\n<\/style>\n    <\/div>\n \n        <\/div>\n      <\/div>\n\n            \n<style>\n#banner-1007817269 {\n  padding-top: 500px;\n  background-color: rgb(223, 181, 96);\n}\n#banner-1007817269 .ux-shape-divider--top svg {\n  height: 150px;\n  --divider-top-width: 100%;\n}\n#banner-1007817269 .ux-shape-divider--bottom svg {\n  height: 150px;\n  --divider-width: 100%;\n}\n<\/style>\n  <\/div>\n\n\n<\/div><\/div>\n<div class=\"col grid-col large-6 grid-col-1\" ><div class=\"col-inner\">\n\n  <div class=\"banner has-hover\" id=\"banner-566134958\">\n          <div class=\"banner-inner fill\">\n        <div class=\"banner-bg fill\" >\n            <div class=\"bg fill bg-fill \"><\/div>\n                                    \n                    <\/div>\n\t\t\n        <div class=\"banner-layers container\">\n            <div class=\"fill banner-link\"><\/div>            \n        <\/div>\n      <\/div>\n\n            \n<style>\n#banner-566134958 {\n  padding-top: 500px;\n  background-color: rgb(199, 147, 40);\n}\n#banner-566134958 .ux-shape-divider--top svg {\n  height: 150px;\n  --divider-top-width: 100%;\n}\n#banner-566134958 .ux-shape-divider--bottom svg {\n  height: 150px;\n  --divider-width: 100%;\n}\n<\/style>\n  <\/div>\n\n\n\n  <div class=\"banner has-hover\" id=\"banner-230261616\">\n          <div class=\"banner-inner fill\">\n        <div class=\"banner-bg fill\" >\n            <div class=\"bg fill bg-fill \"><\/div>\n                                    \n                    <\/div>\n\t\t\n        <div class=\"banner-layers container\">\n            <div class=\"fill banner-link\"><\/div>            \n   <div id=\"text-box-1048789217\" class=\"text-box banner-layer x15 md-x15 lg-x15 y0 md-y0 lg-y0 res-text\">\n                                <div class=\"text-box-content text dark\">\n              \n              <div class=\"text-inner text-center\">\n                  \n<h3 class=\"uppercase\">Videos<\/h3>\n<p>These videos are from the presentation provided by Carol Hopkins, Executive Director of the Thunderbird Partnership Foundation, and Mr. Wayne Spear, Founding President of Spear Communications. They were received during the FNQLHSSC&#8217;s pre-Annual General Assembly in July 2018, which focused on change management.<\/p>\n<p><strong>1. Moving toward wellness using a vision of hope, meaning, belonging and purpose (bilingual video)<br \/><\/strong><\/p>\n<div class=\"video video-fit mb\" style=\"padding-top:25%;\"><iframe loading=\"lazy\" title=\"Atteindre le mieux-\u00eatre gr\u00e2ce \u00e0 une vision \u00e9vocatrice d\u2019espoir, de sens, d\u2019appartenance et de but\" width=\"1020\" height=\"574\" src=\"https:\/\/www.youtube.com\/embed\/mZmcWCq7Siw?feature=oembed\" frameborder=\"0\" allow=\"accelerometer; autoplay; encrypted-media; gyroscope; picture-in-picture\" allowfullscreen><\/iframe><\/div>\n<p><strong>2. How the moon teaches us to use efficient patterns in navigating through change (bilingual video)<br \/><\/strong><\/p>\n<div class=\"video video-fit mb\" style=\"padding-top:25%;\"><p><iframe loading=\"lazy\" title=\"La lune et des m\u00e9thodes efficaces pour traverser les changements\" width=\"1020\" height=\"574\" src=\"https:\/\/www.youtube.com\/embed\/xZKYm7Owtcc?feature=oembed\" frameborder=\"0\" allow=\"accelerometer; autoplay; encrypted-media; gyroscope; picture-in-picture\" allowfullscreen><\/iframe><\/p>\n<\/div>\n<p><strong>3. Five key questions in change management (bilingual video)<br \/><\/strong><\/p>\n<div class=\"video video-fit mb\" style=\"padding-top:25%;\"><p><iframe loading=\"lazy\" title=\"Cinq questions cl\u00e9s de la gestion du changement\" width=\"1020\" height=\"574\" src=\"https:\/\/www.youtube.com\/embed\/_oqTolcWg1c?feature=oembed\" frameborder=\"0\" allow=\"accelerometer; autoplay; encrypted-media; gyroscope; picture-in-picture\" allowfullscreen><\/iframe><\/p>\n<\/div>\n<p><strong>4. Change is a process that takes time and effort (bilingual video)<br \/><\/strong><\/p>\n<div class=\"video video-fit mb\" style=\"padding-top:25%;\"><p><iframe loading=\"lazy\" title=\"Le changement demande du temps et des efforts\" width=\"1020\" height=\"574\" src=\"https:\/\/www.youtube.com\/embed\/CtJLEpob2xA?feature=oembed\" frameborder=\"0\" allow=\"accelerometer; autoplay; encrypted-media; gyroscope; picture-in-picture\" allowfullscreen><\/iframe><\/p>\n<\/div>\n              <\/div>\n           <\/div>\n                            \n<style>\n#text-box-1048789217 {\n  width: 78%;\n}\n#text-box-1048789217 .text-box-content {\n  font-size: 135%;\n}\n<\/style>\n    <\/div>\n \n        <\/div>\n      <\/div>\n\n            \n<style>\n#banner-230261616 {\n  padding-top: 500px;\n  background-color: #45556b;\n}\n#banner-230261616 .ux-shape-divider--top svg {\n  height: 150px;\n  --divider-top-width: 100%;\n}\n#banner-230261616 .ux-shape-divider--bottom svg {\n  height: 150px;\n  --divider-width: 100%;\n}\n<\/style>\n  <\/div>\n\n\n<\/div><\/div>\n<div class=\"col grid-col large-6 grid-col-1-4\" ><div class=\"col-inner\">\n\n  <div class=\"banner has-hover\" id=\"banner-403353092\">\n          <div class=\"banner-inner fill\">\n        <div class=\"banner-bg fill\" >\n            <div class=\"bg fill bg-fill \"><\/div>\n                                    \n                    <\/div>\n\t\t\n        <div class=\"banner-layers container\">\n            <div class=\"fill banner-link\"><\/div>            \n   <div id=\"text-box-1318089792\" class=\"text-box banner-layer x50 md-x50 lg-x50 y50 md-y50 lg-y50 res-text\">\n                                <div class=\"text-box-content text dark\">\n              \n              <div class=\"text-inner text-center\">\n                  \n<h3 class=\"uppercase\">HOW TO LEAD CHANGE?<\/h3>\n<p><strong>Communagir <\/strong>is a non-profit organization specializing in <strong>collective development and implementation in a context of change<\/strong>.<\/p>\n<p>To learn more about <strong>change management<\/strong>, visit their website and go to the following section <em><strong><a href=\"http:\/\/www.communagir.org\/contenus-et-outils\/comprendre-et-agir\/mener-un-changement\">Mener un changement<\/a><\/strong><\/em> (available in French only).<\/p>\n              <\/div>\n           <\/div>\n                            \n<style>\n#text-box-1318089792 {\n  width: 90%;\n}\n#text-box-1318089792 .text-box-content {\n  font-size: 135%;\n}\n<\/style>\n    <\/div>\n \n        <\/div>\n      <\/div>\n\n            \n<style>\n#banner-403353092 {\n  padding-top: 500px;\n  background-color: rgb(199, 147, 40);\n}\n#banner-403353092 .ux-shape-divider--top svg {\n  height: 150px;\n  --divider-top-width: 100%;\n}\n#banner-403353092 .ux-shape-divider--bottom svg {\n  height: 150px;\n  --divider-width: 100%;\n}\n<\/style>\n  <\/div>\n\n\n<\/div><\/div>\n<div class=\"col grid-col large-6 grid-col-3-4\" ><div class=\"col-inner\">\n\n  <div class=\"banner has-hover\" id=\"banner-757839769\">\n          <div class=\"banner-inner fill\">\n        <div class=\"banner-bg fill\" >\n            <div class=\"bg fill bg-fill \"><\/div>\n                                    \n                    <\/div>\n\t\t\n        <div class=\"banner-layers container\">\n            <div class=\"fill banner-link\"><\/div>            \n   <div id=\"text-box-14973306\" class=\"text-box banner-layer x50 md-x50 lg-x50 y50 md-y50 lg-y50 res-text\">\n                                <div class=\"text-box-content text dark\">\n              \n              <div class=\"text-inner text-center\">\n                  \n<h3 class=\"uppercase\">THE 5 questions<\/h3>\n<h4>Strategic Change Management Tool<\/h4>\n<p>This adapted tool from Mr. Wayne Spear, who comes from Kahnawake and is the founding President of Spear Communications, builds on five <strong>strategic questions relating to change<\/strong>. These questions aim to allow First Nations to paint an overall portrait of a pre-change situation to better prepare for it.<\/p>\n<a href=\"https:\/\/gouvernance.cssspnql.com\/wp-content\/uploads\/2019\/09\/Outil-strategique-de-gestion-du-changement_eng-1.docx\" target=\"_self\" class=\"button primary\"  >\n    <span>Click here<\/span>\n  <\/a>\n\n<p>1. <strong>Currently, what is working well in terms of health and social services? What do we like, what do we want to keep, or what would we like to do more? <\/strong>This question leads to positive change.<\/p>\n<p>2. <strong>What must we do better, differently or less? <\/strong>This question leads us to focus on the possibilities.<\/p>\n<p>3. <strong>What are the obstacles that prevent change? <\/strong>This question is used to determine the opportunities available to us.<\/p>\n<p>4. <strong>If you could make a change, what would it be?<\/strong> This question is used to determine strategic priorities.<\/p>\n<p>5. <strong>How can I help? <\/strong>This question is used to determine individual roles in a collaborative process of change.<\/p>\n<p>\u00a0<\/p>\n              <\/div>\n           <\/div>\n                            \n<style>\n#text-box-14973306 {\n  width: 90%;\n}\n#text-box-14973306 .text-box-content {\n  font-size: 135%;\n}\n<\/style>\n    <\/div>\n \n        <\/div>\n      <\/div>\n\n            \n<style>\n#banner-757839769 {\n  padding-top: 500px;\n  background-color: rgb(199, 147, 40);\n}\n#banner-757839769 .ux-shape-divider--top svg {\n  height: 150px;\n  --divider-top-width: 100%;\n}\n#banner-757839769 .ux-shape-divider--bottom svg {\n  height: 150px;\n  --divider-width: 100%;\n}\n<\/style>\n  <\/div>\n\n\n<\/div><\/div>\n            <\/div>\n    <style>\n    #banner-grid-750843867 .grid-col-1{height: 1000px}\n    #banner-grid-750843867 .grid-col-1-2{height: 500px}\n    #banner-grid-750843867 .grid-col-1-3{height:333.33333333333px}\n    #banner-grid-750843867 .grid-col-2-3{height: 666.66666666667px}\n    #banner-grid-750843867 .grid-col-1-4{height: 250px}\n    #banner-grid-750843867 .grid-col-3-4{height: 750px}\n\n\n    \n    \n\n  <\/style>\n    <\/div>\n  \n\t\t<\/div>\n\n\t\t\n<style>\n#section_528748132 {\n  padding-top: 30px;\n  padding-bottom: 30px;\n}\n#section_528748132 .ux-shape-divider--top svg {\n  height: 150px;\n  --divider-top-width: 100%;\n}\n#section_528748132 .ux-shape-divider--bottom svg {\n  height: 150px;\n  --divider-width: 100%;\n}\n<\/style>\n\t<\/section>\n\t\n<p>\n<\/p>","protected":false},"excerpt":{"rendered":"","protected":false},"author":4,"featured_media":0,"parent":20,"menu_order":0,"comment_status":"closed","ping_status":"closed","template":"","meta":{"_monsterinsights_skip_tracking":false,"_monsterinsights_sitenote_active":false,"_monsterinsights_sitenote_note":"","_monsterinsights_sitenote_category":0,"footnotes":""},"class_list":["post-1457","page","type-page","status-publish","hentry"],"_links":{"self":[{"href":"https:\/\/gouvernance.cssspnql.com\/en\/wp-json\/wp\/v2\/pages\/1457","targetHints":{"allow":["GET"]}}],"collection":[{"href":"https:\/\/gouvernance.cssspnql.com\/en\/wp-json\/wp\/v2\/pages"}],"about":[{"href":"https:\/\/gouvernance.cssspnql.com\/en\/wp-json\/wp\/v2\/types\/page"}],"author":[{"embeddable":true,"href":"https:\/\/gouvernance.cssspnql.com\/en\/wp-json\/wp\/v2\/users\/4"}],"replies":[{"embeddable":true,"href":"https:\/\/gouvernance.cssspnql.com\/en\/wp-json\/wp\/v2\/comments?post=1457"}],"version-history":[{"count":6,"href":"https:\/\/gouvernance.cssspnql.com\/en\/wp-json\/wp\/v2\/pages\/1457\/revisions"}],"predecessor-version":[{"id":1497,"href":"https:\/\/gouvernance.cssspnql.com\/en\/wp-json\/wp\/v2\/pages\/1457\/revisions\/1497"}],"up":[{"embeddable":true,"href":"https:\/\/gouvernance.cssspnql.com\/en\/wp-json\/wp\/v2\/pages\/20"}],"wp:attachment":[{"href":"https:\/\/gouvernance.cssspnql.com\/en\/wp-json\/wp\/v2\/media?parent=1457"}],"curies":[{"name":"wp","href":"https:\/\/api.w.org\/{rel}","templated":true}]}}